{"id":121,"date":"2015-09-25T08:58:27","date_gmt":"2015-09-25T08:58:27","guid":{"rendered":"https:\/\/prochamp.nl\/over-ons\/geschiedenis\/"},"modified":"2015-11-12T15:56:21","modified_gmt":"2015-11-12T15:56:21","slug":"geschiedenis","status":"publish","type":"page","link":"https:\/\/prochamp.nl\/nl\/over-ons\/geschiedenis\/","title":{"rendered":"Geschiedenis"},"content":{"rendered":"<p>Van klein familiebedrijf tot \u00e9\u00e9n van de allerbeste champignonverwerkende bedrijven in de wereld: de geschiedenis van Prochamp.<\/p>\n<h2>Jaren 50<\/h2>\n<p>De vader van eigenaar-directeur Richard Peffer had een gemengd bedrijf in vee, fruit- en champignonteelt. Champignons werden toen als exclusief product geleverd aan particuliere klanten in Wassenaar.<\/p>\n<h2>Jaren 60<\/h2>\n<p>Het telen van champignons begon al snel een lucratieve handel te worden. Voor de versmarkt en conservenhandel. In die tijd ging Richard Peffer aan de slag in het bedrijf van zijn vader. Met zijn vooruitstrevende blik en interesse in techniek, keek hij anders tegen de noeste handenarbeid aan en realiseerde zich al snel dat dit effici\u00ebnter en effectiever kon.<\/p>\n<h2>Jaren 70<\/h2>\n<p>Richard Peffer maakte met behulp van een boortol, wat wieltjes en een handige zwager, de allereerste champignonoogstmachine, welke later in samenwerking met <a href=\"https:\/\/www.wageningenur.nl\/nl.htm\" target=\"_blank\">Wageningen UR<\/a> is doorontwikkeld. Het bedrijf cre\u00eberde hierdoor een enorme evolutie in techniek en teelt omdat het van handwerk overging naar mechanisering. De snelheid waarmee champignons werden geproduceerd verbeterde met maar liefst 70% en er werden minder handen gebruikt. In 1976 nam Richard de champignonkwekerij geheel over van zijn vader. Bovendien startte hij een <a href=\"https:\/\/prochamp.nl\/nl\/over-ons\/productieproces\/compostbereiding\/\">compostbedrijf<\/a> dat er voor zorgde dat de kwekerij in haar eigen compostbehoefte kon voorzien.<\/p>\n<p><img loading=\"lazy\" decoding=\"async\" class=\"aligncenter size-full wp-image-281\" src=\"https:\/\/prochamp.nl\/wp-content\/uploads\/2015\/09\/history.jpg\" alt=\"history\" width=\"800\" height=\"300\" srcset=\"https:\/\/prochamp.nl\/wp-content\/uploads\/2015\/09\/history.jpg 800w, https:\/\/prochamp.nl\/wp-content\/uploads\/2015\/09\/history-300x113.jpg 300w, https:\/\/prochamp.nl\/wp-content\/uploads\/2015\/09\/history-784x294.jpg 784w\" sizes=\"auto, (max-width: 800px) 100vw, 800px\" \/><\/p>\n<h2>Jaren 80<\/h2>\n<p class=\"p1\"><span class=\"s1\">Samen met zijn broer, richtte Richard in 1982 een conservenbedrijf op: \u2018Gebroeders Peffer Conserven\u2019. Dit bedrijf transformeerde binnen een paar jaar naar een fulltime draaiende professionele conservenfabriek. Naast de teelt, werden de champignons nu ook volledig binnen de eigen productieketen zelfstandig geconserveerd. De productie groeide fors en de afzetmarkt breidde zich uit over heel Europa.<\/span><\/p>\n<h2>Jaren 90<\/h2>\n<p>Richard\u2019s broer ging zich verder specialiseren in zijn eigen champignonkwekerij met een nieuw systeem. En zo ontstond in 1994 het bedrijf Prochamp dat voor 100% gerund werd door Richard Peffer. Ondanks forse concurrentie, bleek Richard\u2019s vooruitstrevende keuze om de <a href=\"https:\/\/prochamp.nl\/nl\/over-ons\/productieproces\/\">gehele keten<\/a> volledig zelfstandig te beheersen een briljante zet. In combinatie met nieuwe volledig gemechaniseerde <a href=\"https:\/\/prochamp.nl\/nl\/over-ons\/productieproces\/champignonteelt\/\">kweekfaciliteiten<\/a> overspant het bedrijf de keten van compost tot blik. Durven te innoveren in een moeilijke tijd zorgde er uiteindelijk voor dat Prochamp overwon. Zo werd Prochamp een wereldspeler omdat Nederland behoort tot een van de grootste producenten van champignonconserven. En daar zijn we nog steeds trots op.<\/p>\n<h2>Jaren\u00a02000<\/h2>\n<p>In deze jaren werd een nieuw kantoorpand en een nieuw logistiek centrum gebouwd aan de Laarstraat 2. Hiermee werden alle afdelingen binnen Prochamp ge\u00efntegreerd op \u00e9\u00e9n locatie. Door deze ontwikkeling kon Prochamp nog beter en sneller inspelen op de wensen van de klant. Al met al een belangrijke ontwikkeling in de geschiedenis, waarbij onderstreept werd waar Prochamp trots op is: door een snelle service, korte lijnen en flexibele karakter is zij in staat continu klantspecifieke oplossingen aan te dragen.<\/p>\n<p>Verder werden er in deze periode ook vergaande ontwikkeling doorgevoerd binnen de teelt van Champignons.<br \/>\nEen nieuw modern teeltbedrijf werd opgericht, waardoor de integratie van de totale productieketen weer verder kon worden versterkt. Aanbod en kwaliteit konden steeds beter worden gegarandeerd. Uiteraard drukten deze ontwikkelingen ook hun stempel op de intensivering van the Quality Controlled Food Chain.<\/p>\n<h2>Heden<\/h2>\n<p>Inmiddels is ook de 3e Peffer generatie toegetreden. Alle drie de kinderen van Richard hebben veel zin om met visie en plezier dit familiebedrijf nog verder uit te bouwen. Zo blijft de identiteit behouden, maar wordt er ook weer opnieuw met vooruitstrevende blik <a href=\"https:\/\/prochamp.nl\/nl\/professionals\/innovatie-en-milieu\/\">ge\u00efnnoveerd<\/a>. Prochamp groeit verder, maar blijft een platte organisatie die servicegericht en flexibel is dankzij haar enthousiaste en betrokken collega\u2019s.<\/p>\n<p>Wereldwijd onderscheidt Prochamp zich nu ook met haar kwalitatief hoogwaardige grondstoffen, moderne kwekerijen en volledig <a href=\"https:\/\/prochamp.nl\/nl\/professionals\/kwaliteit\/\">gecertificeerde<\/a> borgingssystemen in het teelt- en conservenbedrijf. Voedselveiligheid, kwaliteit en duurzaamheid worden optimaal gegarandeerd.<\/p>\n<p><img loading=\"lazy\" decoding=\"async\" class=\"aligncenter size-full wp-image-619\" src=\"https:\/\/prochamp.nl\/wp-content\/uploads\/2015\/09\/prochamp-family-peffer.jpg\" alt=\"Prochamp Family Peffer\" width=\"800\" height=\"300\" srcset=\"https:\/\/prochamp.nl\/wp-content\/uploads\/2015\/09\/prochamp-family-peffer.jpg 800w, https:\/\/prochamp.nl\/wp-content\/uploads\/2015\/09\/prochamp-family-peffer-300x113.jpg 300w, https:\/\/prochamp.nl\/wp-content\/uploads\/2015\/09\/prochamp-family-peffer-784x294.jpg 784w\" sizes=\"auto, (max-width: 800px) 100vw, 800px\" \/><\/p>\n<p><em>Van links naar rechts:\u00a0Arjan Peffer (Plant Manager)\u00a0| \u00a0Hetty Peffer (Sales Director)\u00a0| \u00a0Richard Peffer (President) \u00a0| \u00a0Robert Peffer (Compost &amp; Mushroom Production Manager)<\/em><\/p>\n<h2>Toekomst<\/h2>\n<p>Prochamp blijft net zo ambitieus als de afgelopen halve eeuw. We willen blijven groeien, zonder ons familiekarakter te verliezen. Daarom werken we hard aan de internationale uitbreiding van onze sterke A-merken en private labelproducten. Daarnaast bouwen we verder aan onze deskundigheid, ons imago en de tevredenheid van onze klanten. Zo kunnen wij ook in de toekomst een betrouwbare en innovatieve partner zijn. Wij zijn nou eenmaal graag inventief in alle facetten van de keten.<\/p>\n","protected":false},"excerpt":{"rendered":"<p>Van klein familiebedrijf tot \u00e9\u00e9n van de allerbeste champignonverwerkende bedrijven in de wereld: de geschiedenis van Prochamp. Jaren 50 De vader van eigenaar-directeur Richard Peffer had een gemengd bedrijf in vee, fruit- en champignonteelt. Champignons werden toen als exclusief product geleverd aan particuliere klanten in Wassenaar. Jaren 60 Het telen van champignons begon al snel [&hellip;]<\/p>\n","protected":false},"author":4,"featured_media":0,"parent":90,"menu_order":0,"comment_status":"closed","ping_status":"closed","template":"","meta":{"_acf_changed":false,"footnotes":""},"class_list":["post-121","page","type-page","status-publish","hentry"],"acf":[],"_links":{"self":[{"href":"https:\/\/prochamp.nl\/nl\/wp-json\/wp\/v2\/pages\/121","targetHints":{"allow":["GET"]}}],"collection":[{"href":"https:\/\/prochamp.nl\/nl\/wp-json\/wp\/v2\/pages"}],"about":[{"href":"https:\/\/prochamp.nl\/nl\/wp-json\/wp\/v2\/types\/page"}],"author":[{"embeddable":true,"href":"https:\/\/prochamp.nl\/nl\/wp-json\/wp\/v2\/users\/4"}],"replies":[{"embeddable":true,"href":"https:\/\/prochamp.nl\/nl\/wp-json\/wp\/v2\/comments?post=121"}],"version-history":[{"count":11,"href":"https:\/\/prochamp.nl\/nl\/wp-json\/wp\/v2\/pages\/121\/revisions"}],"predecessor-version":[{"id":658,"href":"https:\/\/prochamp.nl\/nl\/wp-json\/wp\/v2\/pages\/121\/revisions\/658"}],"up":[{"embeddable":true,"href":"https:\/\/prochamp.nl\/nl\/wp-json\/wp\/v2\/pages\/90"}],"wp:attachment":[{"href":"https:\/\/prochamp.nl\/nl\/wp-json\/wp\/v2\/media?parent=121"}],"curies":[{"name":"wp","href":"https:\/\/api.w.org\/{rel}","templated":true}]}}